{"id":2027,"date":"2021-05-17T08:02:06","date_gmt":"2021-05-17T08:02:06","guid":{"rendered":"https:\/\/abrafoods.com\/?post_type=product&#038;p=2027"},"modified":"2026-04-22T19:18:31","modified_gmt":"2026-04-22T17:18:31","slug":"ligo-krekeri-ar-speltu-110-g","status":"publish","type":"product","link":"https:\/\/abrafoods.com\/en\/product\/ligo-krekeri-ar-speltu-110-g\/","title":{"rendered":"S\u0113klu krekeri (ar speltu) 110 g"},"content":{"rendered":"<p><strong>Sast\u0101vda\u013cas:<\/strong> speltas kvie\u0161u milti, saulespu\u0137u s\u0113klas, ol\u012bve\u013c\u013ca, lins\u0113klas, \u0137irbju s\u0113klas, <strong>sezams<\/strong>, \u010dia s\u0113klas, \u0137iploku pulveris, s\u0101ls<\/p>\n","protected":false},"excerpt":{"rendered":"<p>Sast\u0101vda\u013cas: speltas kvie\u0161u milti, saulespu\u0137u s\u0113klas, ol\u012bve\u013c\u013ca, lins\u0113klas, \u0137irbju s\u0113klas, sezams, \u010dia s\u0113klas, \u0137iploku pulveris, s\u0101ls<\/p>\n","protected":false},"featured_media":3353,"template":"","meta":{"_et_pb_use_builder":"on","_et_pb_old_content":"<strong>Sast\u0101vda\u013cas:<\/strong> speltas kvie\u0161u milti, saulespu\u0137u s\u0113klas, ol\u012bve\u013c\u013ca, lins\u0113klas, \u0137irbju s\u0113klas, <strong>sezams<\/strong>, \u010dia s\u0113klas, \u0137iploku pulveris, s\u0101ls","_et_gb_content_width":""},"product_brand":[],"product_cat":[196,161,85,151],"product_tag":[],"class_list":{"0":"post-2027","1":"product","2":"type-product","3":"status-publish","4":"has-post-thumbnail","6":"product_cat-ligo-davanas","7":"product_cat-abras-produkti","8":"product_cat-saldumi","9":"product_cat-veganisks","11":"first","12":"instock","13":"taxable","14":"shipping-taxable","15":"purchasable","16":"product-type-simple"},"yoast_head":"<!-- This site is optimized with the Yoast SEO plugin v25.2 - https:\/\/yoast.com\/wordpress\/plugins\/seo\/ -->\n<title>S\u0113klu krekeri (ar speltu) 110 g - Abra foods<\/title>\n<meta name=\"robots\" content=\"index, follow, max-snippet:-1, max-image-preview:large, max-video-preview:-1\" \/>\n<link rel=\"canonical\" href=\"https:\/\/abrafoods.com\/en\/product\/ligo-krekeri-ar-speltu-110-g\/\" \/>\n<meta property=\"og:locale\" content=\"en_US\" \/>\n<meta property=\"og:type\" content=\"article\" \/>\n<meta property=\"og:title\" content=\"S\u0113klu krekeri (ar speltu) 110 g - Abra foods\" \/>\n<meta property=\"og:description\" content=\"Sast\u0101vda\u013cas: speltas kvie\u0161u milti, saulespu\u0137u s\u0113klas, ol\u012bve\u013c\u013ca, lins\u0113klas, \u0137irbju s\u0113klas, sezams, \u010dia s\u0113klas, \u0137iploku pulveris, s\u0101ls\" \/>\n<meta property=\"og:url\" content=\"https:\/\/abrafoods.com\/en\/product\/ligo-krekeri-ar-speltu-110-g\/\" \/>\n<meta property=\"og:site_name\" content=\"Abra foods\" \/>\n<meta property=\"article:modified_time\" content=\"2026-04-22T17:18:31+00:00\" \/>\n<meta property=\"og:image\" content=\"https:\/\/abrafoods.com\/wp-content\/uploads\/2021\/05\/Seklu-krekeri-ar-speltu-1-scaled.jpg\" \/>\n\t<meta property=\"og:image:width\" content=\"1706\" \/>\n\t<meta property=\"og:image:height\" content=\"2560\" \/>\n\t<meta property=\"og:image:type\" content=\"image\/jpeg\" \/>\n<meta name=\"twitter:card\" content=\"summary_large_image\" \/>\n<meta name=\"twitter:label1\" content=\"Est. reading time\" \/>\n\t<meta name=\"twitter:data1\" content=\"1 minute\" \/>\n<script type=\"application\/ld+json\" class=\"yoast-schema-graph\">{\"@context\":\"https:\/\/schema.org\",\"@graph\":[{\"@type\":\"WebPage\",\"@id\":\"https:\/\/abrafoods.com\/en\/product\/ligo-krekeri-ar-speltu-110-g\/\",\"url\":\"https:\/\/abrafoods.com\/en\/product\/ligo-krekeri-ar-speltu-110-g\/\",\"name\":\"S\u0113klu krekeri (ar speltu) 110 g - Abra foods\",\"isPartOf\":{\"@id\":\"https:\/\/abrafoods.com\/en\/#website\"},\"primaryImageOfPage\":{\"@id\":\"https:\/\/abrafoods.com\/en\/product\/ligo-krekeri-ar-speltu-110-g\/#primaryimage\"},\"image\":{\"@id\":\"https:\/\/abrafoods.com\/en\/product\/ligo-krekeri-ar-speltu-110-g\/#primaryimage\"},\"thumbnailUrl\":\"https:\/\/abrafoods.com\/wp-content\/uploads\/2021\/05\/Seklu-krekeri-ar-speltu-1-scaled.jpg\",\"datePublished\":\"2021-05-17T08:02:06+00:00\",\"dateModified\":\"2026-04-22T17:18:31+00:00\",\"breadcrumb\":{\"@id\":\"https:\/\/abrafoods.com\/en\/product\/ligo-krekeri-ar-speltu-110-g\/#breadcrumb\"},\"inLanguage\":\"en-US\",\"potentialAction\":[{\"@type\":\"ReadAction\",\"target\":[\"https:\/\/abrafoods.com\/en\/product\/ligo-krekeri-ar-speltu-110-g\/\"]}]},{\"@type\":\"ImageObject\",\"inLanguage\":\"en-US\",\"@id\":\"https:\/\/abrafoods.com\/en\/product\/ligo-krekeri-ar-speltu-110-g\/#primaryimage\",\"url\":\"https:\/\/abrafoods.com\/wp-content\/uploads\/2021\/05\/Seklu-krekeri-ar-speltu-1-scaled.jpg\",\"contentUrl\":\"https:\/\/abrafoods.com\/wp-content\/uploads\/2021\/05\/Seklu-krekeri-ar-speltu-1-scaled.jpg\",\"width\":1706,\"height\":2560},{\"@type\":\"BreadcrumbList\",\"@id\":\"https:\/\/abrafoods.com\/en\/product\/ligo-krekeri-ar-speltu-110-g\/#breadcrumb\",\"itemListElement\":[{\"@type\":\"ListItem\",\"position\":1,\"name\":\"Home\",\"item\":\"https:\/\/abrafoods.com\/en\/\"},{\"@type\":\"ListItem\",\"position\":2,\"name\":\"Shop\",\"item\":\"https:\/\/abrafoods.com\/shop\/\"},{\"@type\":\"ListItem\",\"position\":3,\"name\":\"S\u0113klu krekeri (ar speltu) 110 g\"}]},{\"@type\":\"WebSite\",\"@id\":\"https:\/\/abrafoods.com\/en\/#website\",\"url\":\"https:\/\/abrafoods.com\/en\/\",\"name\":\"Abra foods\",\"description\":\"healthy and tasty\",\"potentialAction\":[{\"@type\":\"SearchAction\",\"target\":{\"@type\":\"EntryPoint\",\"urlTemplate\":\"https:\/\/abrafoods.com\/en\/?s={search_term_string}\"},\"query-input\":{\"@type\":\"PropertyValueSpecification\",\"valueRequired\":true,\"valueName\":\"search_term_string\"}}],\"inLanguage\":\"en-US\"}]}<\/script>\n<!-- \/ Yoast SEO plugin. -->","yoast_head_json":{"title":"S\u0113klu krekeri (ar speltu) 110 g - Abra foods","robots":{"index":"index","follow":"follow","max-snippet":"max-snippet:-1","max-image-preview":"max-image-preview:large","max-video-preview":"max-video-preview:-1"},"canonical":"https:\/\/abrafoods.com\/en\/product\/ligo-krekeri-ar-speltu-110-g\/","og_locale":"en_US","og_type":"article","og_title":"S\u0113klu krekeri (ar speltu) 110 g - Abra foods","og_description":"Sast\u0101vda\u013cas: speltas kvie\u0161u milti, saulespu\u0137u s\u0113klas, ol\u012bve\u013c\u013ca, lins\u0113klas, \u0137irbju s\u0113klas, sezams, \u010dia s\u0113klas, \u0137iploku pulveris, s\u0101ls","og_url":"https:\/\/abrafoods.com\/en\/product\/ligo-krekeri-ar-speltu-110-g\/","og_site_name":"Abra foods","article_modified_time":"2026-04-22T17:18:31+00:00","og_image":[{"width":1706,"height":2560,"url":"https:\/\/abrafoods.com\/wp-content\/uploads\/2021\/05\/Seklu-krekeri-ar-speltu-1-scaled.jpg","type":"image\/jpeg"}],"twitter_card":"summary_large_image","twitter_misc":{"Est. reading time":"1 minute"},"schema":{"@context":"https:\/\/schema.org","@graph":[{"@type":"WebPage","@id":"https:\/\/abrafoods.com\/en\/product\/ligo-krekeri-ar-speltu-110-g\/","url":"https:\/\/abrafoods.com\/en\/product\/ligo-krekeri-ar-speltu-110-g\/","name":"S\u0113klu krekeri (ar speltu) 110 g - Abra foods","isPartOf":{"@id":"https:\/\/abrafoods.com\/en\/#website"},"primaryImageOfPage":{"@id":"https:\/\/abrafoods.com\/en\/product\/ligo-krekeri-ar-speltu-110-g\/#primaryimage"},"image":{"@id":"https:\/\/abrafoods.com\/en\/product\/ligo-krekeri-ar-speltu-110-g\/#primaryimage"},"thumbnailUrl":"https:\/\/abrafoods.com\/wp-content\/uploads\/2021\/05\/Seklu-krekeri-ar-speltu-1-scaled.jpg","datePublished":"2021-05-17T08:02:06+00:00","dateModified":"2026-04-22T17:18:31+00:00","breadcrumb":{"@id":"https:\/\/abrafoods.com\/en\/product\/ligo-krekeri-ar-speltu-110-g\/#breadcrumb"},"inLanguage":"en-US","potentialAction":[{"@type":"ReadAction","target":["https:\/\/abrafoods.com\/en\/product\/ligo-krekeri-ar-speltu-110-g\/"]}]},{"@type":"ImageObject","inLanguage":"en-US","@id":"https:\/\/abrafoods.com\/en\/product\/ligo-krekeri-ar-speltu-110-g\/#primaryimage","url":"https:\/\/abrafoods.com\/wp-content\/uploads\/2021\/05\/Seklu-krekeri-ar-speltu-1-scaled.jpg","contentUrl":"https:\/\/abrafoods.com\/wp-content\/uploads\/2021\/05\/Seklu-krekeri-ar-speltu-1-scaled.jpg","width":1706,"height":2560},{"@type":"BreadcrumbList","@id":"https:\/\/abrafoods.com\/en\/product\/ligo-krekeri-ar-speltu-110-g\/#breadcrumb","itemListElement":[{"@type":"ListItem","position":1,"name":"Home","item":"https:\/\/abrafoods.com\/en\/"},{"@type":"ListItem","position":2,"name":"Shop","item":"https:\/\/abrafoods.com\/shop\/"},{"@type":"ListItem","position":3,"name":"S\u0113klu krekeri (ar speltu) 110 g"}]},{"@type":"WebSite","@id":"https:\/\/abrafoods.com\/en\/#website","url":"https:\/\/abrafoods.com\/en\/","name":"Abra foods","description":"healthy and tasty","potentialAction":[{"@type":"SearchAction","target":{"@type":"EntryPoint","urlTemplate":"https:\/\/abrafoods.com\/en\/?s={search_term_string}"},"query-input":{"@type":"PropertyValueSpecification","valueRequired":true,"valueName":"search_term_string"}}],"inLanguage":"en-US"}]}},"_links":{"self":[{"href":"https:\/\/abrafoods.com\/en\/wp-json\/wp\/v2\/product\/2027","targetHints":{"allow":["GET"]}}],"collection":[{"href":"https:\/\/abrafoods.com\/en\/wp-json\/wp\/v2\/product"}],"about":[{"href":"https:\/\/abrafoods.com\/en\/wp-json\/wp\/v2\/types\/product"}],"wp:featuredmedia":[{"embeddable":true,"href":"https:\/\/abrafoods.com\/en\/wp-json\/wp\/v2\/media\/3353"}],"wp:attachment":[{"href":"https:\/\/abrafoods.com\/en\/wp-json\/wp\/v2\/media?parent=2027"}],"wp:term":[{"taxonomy":"product_brand","embeddable":true,"href":"https:\/\/abrafoods.com\/en\/wp-json\/wp\/v2\/product_brand?post=2027"},{"taxonomy":"product_cat","embeddable":true,"href":"https:\/\/abrafoods.com\/en\/wp-json\/wp\/v2\/product_cat?post=2027"},{"taxonomy":"product_tag","embeddable":true,"href":"https:\/\/abrafoods.com\/en\/wp-json\/wp\/v2\/product_tag?post=2027"}],"curies":[{"name":"wp","href":"https:\/\/api.w.org\/{rel}","templated":true}]}}